{"id":32,"date":"2024-10-17T11:04:31","date_gmt":"2024-10-17T11:04:31","guid":{"rendered":"https:\/\/entrecamposv2.bzcomon.com\/?page_id=32"},"modified":"2024-11-14T23:56:24","modified_gmt":"2024-11-14T23:56:24","slug":"politica-de-cookies","status":"publish","type":"page","link":"https:\/\/entrecamposv2.bzcomon.com\/pt-pt\/politica-de-cookies\/","title":{"rendered":"Pol\u00edtica de Cookies"},"content":{"rendered":"\n<p>Utilizamos cookies e tecnologias semelhantes nos nossos sites e nas nossas aplica\u00e7\u00f5es para melhorar a sua experi\u00eancia como utilizador e permitir realizar determinadas opera\u00e7\u00f5es de forma segura.<\/p>\n\n\n\n<p>Nas aplica\u00e7\u00f5es para tablets e telem\u00f3veis usamos tokens que desempenham uma fun\u00e7\u00e3o semelhante aos cookies. Por uma quest\u00e3o de simplicidade, utilizaremos apenas os termos \u201ccookies\u201d e \u201csites\u201d na presente Pol\u00edtica de Cookies, mas esta \u00e9 igualmente aplic\u00e1vel \u00e0s nossas aplica\u00e7\u00f5es.<\/p>\n\n\n\n<h2 class=\"wp-block-heading\">O que s\u00e3o cookies e para que servem<\/h2>\n\n\n\n<p>Os cookies s\u00e3o pequenos ficheiros que cont\u00eam pequenos fragmentos de informa\u00e7\u00e3o que um site, ao ser visitado pelo utilizador, coloca no seu Dispositivo (computador, tablet, telem\u00f3vel, ou outro dispositivo m\u00f3vel), normalmente atrav\u00e9s do navegador de internet (browser). A coloca\u00e7\u00e3o de cookies torna a utiliza\u00e7\u00e3o do site mais simples e eficiente e ajudar\u00e1 o site a reconhecer o seu Dispositivo na pr\u00f3xima vez que o visitar.<\/p>\n\n\n\n<p>Os cookies utilizados ret\u00eam, por exemplo, informa\u00e7\u00e3o relacionada com c\u00f3digos identificadores do utilizador e informa\u00e7\u00e3o de sess\u00e3o, para garantir a seguran\u00e7a e experi\u00eancia de navega\u00e7\u00e3o.<\/p>\n\n\n\n<p>Para instalar determinados cookies no seu Dispositivo necessitamos do seu consentimento pr\u00e9vio, raz\u00e3o pela qual existe no nosso site um banner, onde poder\u00e1 conceder o mesmo.<\/p>\n\n\n\n<h2 class=\"wp-block-heading\">Tipos de cookies<\/h2>\n\n\n\n<p>Os cookies podem ser classificados de acordo com a sua dura\u00e7\u00e3o, com o site que os gera e com as suas finalidades.<\/p>\n\n\n\n<h2 class=\"wp-block-heading\">Classifica\u00e7\u00e3o dos cookies de acordo com a sua dura\u00e7\u00e3o:<\/h2>\n\n\n\n<h3 class=\"wp-block-heading\">1. Cookies de sess\u00e3o<\/h3>\n\n\n\n<p>S\u00e3o cookies tempor\u00e1rios que permanecem no seu navegador de internet (browser) at\u00e9 o fechar. A informa\u00e7\u00e3o que mant\u00eam permite gerir, de forma segura, as diversas opera\u00e7\u00f5es realizadas por si durante uma sess\u00e3o de acesso ao nosso site.<\/p>\n\n\n\n<h3 class=\"wp-block-heading\">2. Cookies permanentes<\/h3>\n\n\n\n<p>S\u00e3o cookies que ficam armazenados ao n\u00edvel do navegador de internet (browser) no seu Dispositivo e que s\u00e3o utilizados sempre que faz uma nova visita ao site. Estes cookies n\u00e3o s\u00e3o apagados automaticamente quando o navegador \u00e9 fechado e expiram ao fim de algum tempo.<\/p>\n\n\n\n<h2 class=\"wp-block-heading\">Classifica\u00e7\u00e3o dos cookies de acordo com o site que os gera:<\/h2>\n\n\n\n<h3 class=\"wp-block-heading\">1. Cookies pr\u00f3prios<\/h3>\n\n\n\n<p>S\u00e3o cookies que enviamos para o seu equipamento a partir dos nossos pr\u00f3prios equipamentos ou dom\u00ednios e a partir dos quais prestamos o servi\u00e7o que nos solicita.<\/p>\n\n\n\n<h3 class=\"wp-block-heading\">2. Cookies de terceiros<\/h3>\n\n\n\n<p>S\u00e3o cookies que s\u00e3o enviados para o seu equipamento a partir de equipamentos ou dom\u00ednios que n\u00e3o s\u00e3o geridos por n\u00f3s, mas sim por outra entidade. Por exemplo, os cookies utilizados pelas redes sociais, ou por conte\u00fados externos como o Google Maps.<\/p>\n\n\n\n<h2 class=\"wp-block-heading\">Classifica\u00e7\u00e3o dos cookies de acordo com as finalidades, como por exemplo:<\/h2>\n\n\n\n<h3 class=\"wp-block-heading\">1. Cookies estritamente necess\u00e1rios<\/h3>\n\n\n\n<p>Alguns cookies s\u00e3o essenciais para aceder a \u00e1reas espec\u00edficas do nosso site. Permitem a navega\u00e7\u00e3o no site e a utiliza\u00e7\u00e3o das suas aplica\u00e7\u00f5es, tal como aceder a \u00e1reas seguras do site atrav\u00e9s de login. Sem estes cookies, determinados servi\u00e7os n\u00e3o podem ser prestados. De um modo geral, n\u00e3o \u00e9 necess\u00e1rio o consentimento do utilizador para instalar cookies essenciais no seu Dispositivo quando acede ao site. Os dados recolhidos pelos cookies essenciais s\u00e3o:<\/p>\n\n\n\n<p>Error: The domain LOCALHOST is not authorized to show the cookie declaration for domain group ID ded5a909-ca9f-4826-9f00-097b65e1baff. Please add it to the domain group in the Cookiebot Manager to authorize the domain.<\/p>\n\n\n\n<h3 class=\"wp-block-heading\">2. Cookies de funcionalidade<\/h3>\n\n\n\n<p>Permitem proporcionar funcionalidades e personaliza\u00e7\u00f5es avan\u00e7adas tais como v\u00eddeos e conversa\u00e7\u00e3o em tempo real. Podem ser atribu\u00eddos pr\u00f3prios ou de terceiros\/ parceiros cujos servi\u00e7os adicionamos \u00e0s nossas p\u00e1ginas.<\/p>\n\n\n\n<p>Para a utiliza\u00e7\u00e3o destes cookies \u00e9 necess\u00e1rio o seu consentimento.<\/p>\n\n\n\n<p>Se n\u00e3o permitir estes cookies, \u00e9 poss\u00edvel que algumas funcionalidades n\u00e3o funcionem corretamente.<\/p>\n\n\n\n<h3 class=\"wp-block-heading\">3. Cookies de desempenho<\/h3>\n\n\n\n<p>Estes cookies, que podem ser pr\u00f3prios ou de terceiros, permitem quantificar o n\u00famero de visitas e fontes de tr\u00e1fego para medir e melhorar o desempenho de um site. Ajudam a saber quais as p\u00e1ginas mais e menos visitadas e como os visitantes navegam pelo site. Toda a informa\u00e7\u00e3o que estes cookies recolhem \u00e9 agregada e, portanto, an\u00f3nima.<\/p>\n\n\n\n<p>Para a utiliza\u00e7\u00e3o destes cookies \u00e9 necess\u00e1rio o seu consentimento.<\/p>\n\n\n\n<p>Os dados recolhidos pelos cookies anal\u00edticos s\u00e3o:<\/p>\n\n\n\n<h3 class=\"wp-block-heading\">4. Cookies de marketing<\/h3>\n\n\n\n<p>Estes cookies, que podem ser pr\u00f3prios ou de terceiros, direcionam a publicidade em fun\u00e7\u00e3o dos interesses de cada utilizador, por forma a direcionar as campanhas publicit\u00e1rias tendo em conta os gostos dos utilizadores, sendo que, al\u00e9m disso, limitam a quantidade de vezes que v\u00ea o an\u00fancio, ajudando a medir a efic\u00e1cia da publicidade. Estes cookies podem armazenar informa\u00e7\u00f5es sobre o comportamento dos utilizadores, obtidas atrav\u00e9s da observa\u00e7\u00e3o dos seus h\u00e1bitos de navega\u00e7\u00e3o, o que permite o desenvolvimento de um perfil espec\u00edfico para apresentar publicidade a partir dele.<\/p>\n\n\n\n<p>Para a utiliza\u00e7\u00e3o destes cookies \u00e9 necess\u00e1rio o seu consentimento.<\/p>\n\n\n\n<p>Se n\u00e3o permitir estes cookies, n\u00e3o desfrutar\u00e1 da nossa publicidade personalizada em diferentes sites. Os dados recolhidos pelos cookies de publicidade s\u00e3o:<\/p>\n\n\n\n<p>A FPE de modo a garantir que toda a informa\u00e7\u00e3o disponibilizada encontra-se atualizada, efetua verifica\u00e7\u00f5es peri\u00f3dicas \u00e0 lista de cookies. No entanto, quanto aos cookies de terceiros, e por motivos alheios \u00e0 FPE, a listagem pode n\u00e3o estar atualizada ao momento, atendendo a que os prestadores dos cookies de terceiros podem aumentar ou diminuir, alterar o nome a qualquer momento e sem aviso pr\u00e9vio.<\/p>\n\n\n\n<h2 class=\"wp-block-heading\">Como Gerir os cookies<\/h2>\n\n\n\n<h3 class=\"wp-block-heading\">Cookie banner<\/h3>\n\n\n\n<p>Mediante o cookie banner poder\u00e1 habilitar ou desabilitar os cookies.<\/p>\n\n\n\n<p>As suas prefer\u00eancias ser\u00e3o registadas e voltaremos a solicitar o seu consentimento uma vez por ano para garantir que os usu\u00e1rios se mant\u00eam atualizados com as mudan\u00e7as nas nossas pol\u00edticas de cookies e de prote\u00e7\u00e3o de dados.<\/p>\n\n\n\n<p>O cookie banner controla especificamente os cookies de publicidade, os cookies de funcionalidade e os cookies de desempenho usados no nosso site p\u00fablico. Os cookies estritamente necess\u00e1rios n\u00e3o podem ser desativados.<\/p>\n\n\n\n<p>Quando visitar a nossa p\u00e1gina web visualizar\u00e1 o cookie banner at\u00e9 n\u00e3o exprimir as suas prefer\u00eancias e poder\u00e1 voltar a escolher uma diferente configura\u00e7\u00e3o de cookies em qualquer momento clicando aqui.<\/p>\n\n\n\n<h3 class=\"wp-block-heading\">Browsers<\/h3>\n\n\n\n<p>Todos os navegadores de internet (browsers) permitem ao utilizador aceitar, recusar ou apagar cookies, atrav\u00e9s da gest\u00e3o das defini\u00e7\u00f5es no browser.<\/p>\n\n\n\n<p class=\"has-foreground-color has-text-color has-link-color wp-elements-da6920904fa51167ea1a0d6d61ac9771\">Para mais informa\u00e7\u00f5es clique nos seguintes links:<\/p>\n\n\n\n<p class=\"has-foreground-color has-text-color has-link-color wp-elements-abef1ceb60f15e27fc698f2586b92811\">Chrome:&nbsp;<a href=\"https:\/\/support.google.com\/chrome\/answer\/95647?hl=pt\">https:\/\/support.google.com\/chrome\/answer\/95647?hl=pt<\/a><\/p>\n\n\n\n<p class=\"has-foreground-color has-text-color has-link-color wp-elements-5505198e801f1b9544f4412271e4cb41\">Firefox:&nbsp;<a href=\"https:\/\/support.mozilla.org\/pt-BR\/kb\/cookies-informacoes-armazenadas-por-sites-em-seu-c?redirectlocale=en-US&amp;redirectslug=Cookies\">https:\/\/support.mozilla.org\/pt-BR\/kb\/cookies-informacoes-armazenadas-por-sites-em-seu-c?redirectlocale=en-US&amp;redirectslug=Cookies<\/a><\/p>\n\n\n\n<p class=\"has-foreground-color has-text-color has-link-color wp-elements-6ec70e1606bd80ff45ac9accd2258f6d\">Internet Explorer:&nbsp;<a href=\"http:\/\/windows.microsoft.com\/pt-pt\/windows7\/how-to-manage-cookies-in-internet-explorer-9\">http:\/\/windows.microsoft.com\/pt-pt\/windows7\/how-to-manage-cookies-in-internet-explorer-9<\/a><\/p>\n\n\n\n<p class=\"has-foreground-color has-text-color has-link-color wp-elements-9e987c904e78595fba40a4c336b2d8d5\">Opera:&nbsp;<a href=\"http:\/\/help.opera.com\/Windows\/10.00\/pt\/cookies.html\">http:\/\/help.opera.com\/Windows\/10.00\/pt\/cookies.html<\/a><\/p>\n\n\n\n<p class=\"has-foreground-color has-text-color has-link-color wp-elements-65c595b418978f7f21b37456cecd4188\">Safari:&nbsp;<a href=\"https:\/\/support.apple.com\/pt-pt\/HT201265\">https:\/\/support.apple.com\/pt-pt\/HT201265<\/a><\/p>\n\n\n\n<p class=\"has-foreground-color has-text-color has-link-color wp-elements-f6775fac846ca2b975ac36dab67b15d3\">Caso desative os cookies pode impedir que alguns servi\u00e7os da internet funcionem corretamente, afetando, parcial ou totalmente, a navega\u00e7\u00e3o e funcionalidades do site.<\/p>\n\n\n\n<h2 class=\"wp-block-heading\">Todos os outros navegadores de internet (browser)<\/h2>\n\n\n\n<p>Por favor, procure no menu &#8220;ajuda&#8221; do navegador (browser) ou contacte o fornecedor do navegador (browser).<\/p>\n\n\n\n<h2 class=\"wp-block-heading\">Outros Websites<\/h2>\n\n\n\n<p>O nosso site poder\u00e1 conter links para outros sites ou aplica\u00e7\u00f5es, incluindo dos nossos parceiros. Caso aceda a um desses links ou aplica\u00e7\u00f5es, por favor note que cada um ter\u00e1 a sua pr\u00f3pria Pol\u00edtica de Cookies e n\u00f3s n\u00e3o nos responsabilizamos pelas mesmas. Por favor, leia atentamente a Pol\u00edtica de Cookies de outros Websites ou aplica\u00e7\u00f5es antes de os utilizar.<\/p>\n\n\n\n<h2 class=\"wp-block-heading\">Contactos<\/h2>\n\n\n\n<p>Para obter informa\u00e7\u00f5es adicionais, contacte, por favor, o nosso encarregado de prote\u00e7\u00e3o de dados&nbsp;<a href=\"mailto:epdp@fidelidade.pt\">epdp@fidelidade.pt<\/a><\/p>\n\n\n\n<p><\/p>\n","protected":false},"excerpt":{"rendered":"<p>Utilizamos cookies e tecnologias semelhantes nos nossos sites e nas nossas aplica\u00e7\u00f5es para melhorar a sua experi\u00eancia como utilizador e permitir realizar determinadas opera\u00e7\u00f5es de forma segura. Nas aplica\u00e7\u00f5es para tablets e telem\u00f3veis usamos tokens que desempenham uma fun\u00e7\u00e3o semelhante aos cookies. Por uma quest\u00e3o de simplicidade, utilizaremos apenas os termos \u201ccookies\u201d e \u201csites\u201d na<a href=\"https:\/\/entrecamposv2.bzcomon.com\/pt-pt\/politica-de-cookies\/\">Continue reading <span class=\"sr-only\">&#8220;Pol\u00edtica de Cookies&#8221;<\/span><\/a><\/p>\n","protected":false},"author":1,"featured_media":0,"parent":0,"menu_order":0,"comment_status":"closed","ping_status":"closed","template":"policies-template.php","meta":{"_acf_changed":false,"footnotes":""},"class_list":["post-32","page","type-page","status-publish","hentry"],"acf":[],"_links":{"self":[{"href":"https:\/\/entrecamposv2.bzcomon.com\/pt-pt\/wp-json\/wp\/v2\/pages\/32","targetHints":{"allow":["GET"]}}],"collection":[{"href":"https:\/\/entrecamposv2.bzcomon.com\/pt-pt\/wp-json\/wp\/v2\/pages"}],"about":[{"href":"https:\/\/entrecamposv2.bzcomon.com\/pt-pt\/wp-json\/wp\/v2\/types\/page"}],"author":[{"embeddable":true,"href":"https:\/\/entrecamposv2.bzcomon.com\/pt-pt\/wp-json\/wp\/v2\/users\/1"}],"replies":[{"embeddable":true,"href":"https:\/\/entrecamposv2.bzcomon.com\/pt-pt\/wp-json\/wp\/v2\/comments?post=32"}],"version-history":[{"count":0,"href":"https:\/\/entrecamposv2.bzcomon.com\/pt-pt\/wp-json\/wp\/v2\/pages\/32\/revisions"}],"wp:attachment":[{"href":"https:\/\/entrecamposv2.bzcomon.com\/pt-pt\/wp-json\/wp\/v2\/media?parent=32"}],"curies":[{"name":"wp","href":"https:\/\/api.w.org\/{rel}","templated":true}]}}